{"id":5311,"date":"2020-08-19T19:27:35","date_gmt":"2020-08-19T17:27:35","guid":{"rendered":"https:\/\/www.gillinger.at\/psychotherapie\/?page_id=5311"},"modified":"2026-02-16T22:35:50","modified_gmt":"2026-02-16T21:35:50","slug":"einzelpsychotherapie","status":"publish","type":"page","link":"https:\/\/www.gillinger.at\/psychotherapie\/einzelpsychotherapie\/","title":{"rendered":"Einzelpsychotherapie"},"content":{"rendered":"\n<div style=\"height:12px\" aria-hidden=\"true\" class=\"wp-block-spacer\"><\/div>\n\n\n\n<p>Ich biete Psychotherapie im Einzelsetting f\u00fcr Erwachsene, insbesondere bei folgenden Themenbereichen:<\/p>\n\n\n\n<div class=\"wp-block-group\"><div class=\"wp-block-group__inner-container is-layout-flow wp-block-group-is-layout-flow\">\n<div class=\"wp-block-media-text alignwide has-media-on-the-right is-stacked-on-mobile\" style=\"grid-template-columns:auto 34%\"><div class=\"wp-block-media-text__content\">\n<p style=\"font-size:16px\">\u2022 <a href=\"https:\/\/www.gillinger.at\/psychotherapie\/angsterkrankungen\" target=\"_blank\" rel=\"noreferrer noopener\">Angstsymptomatik\/Soziale \u00c4ngste<\/a><br>\u2022 Autismus-Spektrum &amp; Neurodiversit\u00e4t<br>\u2022 <a href=\"https:\/\/www.gillinger.at\/psychotherapie\/burn-out\/\" data-type=\"page\" data-id=\"906\">Burn-out &amp; berufsbezogene Themen<\/a><br>\u2022 <a href=\"https:\/\/www.gillinger.at\/psychotherapie\/depression\/\" data-type=\"page\" data-id=\"942\">Depression<\/a><br>\u2022 Dissoziative Symptomatik <br>\u2022 Ersch\u00f6pfung &amp; \u00dcberlastung<br>\u2022 <a href=\"https:\/\/www.gillinger.at\/psychotherapie\/schlafstoerungen\/\" data-type=\"page\" data-id=\"945\">Schlafst\u00f6rungen<\/a><br>\u2022 Selbstwert und Identit\u00e4tsthemen<br>\u2022 <a href=\"https:\/\/www.gillinger.at\/psychotherapie\/trauma\/\" data-type=\"page\" data-id=\"946\">komplexe Traumafolgen<\/a><br>\u2022 Ver\u00e4nderungen &amp; Lebenskrisen<br><\/p>\n\n\n\n<p>Selbsttests f\u00fcr eine erste Einsch\u00e4tzung finden Sie <a href=\"https:\/\/www.gillinger.at\/psychotherapie\/selbsttests\/\">hier<\/a>.<\/p>\n<\/div><figure class=\"wp-block-media-text__media\"><img loading=\"lazy\" decoding=\"async\" width=\"512\" height=\"512\" src=\"https:\/\/www.gillinger.at\/psychotherapie\/wp-content\/uploads\/2016\/12\/cropped-butterfly_plant-1920x1200_xxl.jpg\" alt=\"Mag. Daniela Gillinger, MA\" class=\"wp-image-116 size-full\" srcset=\"https:\/\/www.gillinger.at\/psychotherapie\/wp-content\/uploads\/2016\/12\/cropped-butterfly_plant-1920x1200_xxl.jpg 512w, https:\/\/www.gillinger.at\/psychotherapie\/wp-content\/uploads\/2016\/12\/cropped-butterfly_plant-1920x1200_xxl-150x150.jpg 150w, https:\/\/www.gillinger.at\/psychotherapie\/wp-content\/uploads\/2016\/12\/cropped-butterfly_plant-1920x1200_xxl-300x300.jpg 300w, https:\/\/www.gillinger.at\/psychotherapie\/wp-content\/uploads\/2016\/12\/cropped-butterfly_plant-1920x1200_xxl-250x250.jpg 250w, https:\/\/www.gillinger.at\/psychotherapie\/wp-content\/uploads\/2016\/12\/cropped-butterfly_plant-1920x1200_xxl-174x174.jpg 174w, https:\/\/www.gillinger.at\/psychotherapie\/wp-content\/uploads\/2016\/12\/cropped-butterfly_plant-1920x1200_xxl-270x270.jpg 270w, https:\/\/www.gillinger.at\/psychotherapie\/wp-content\/uploads\/2016\/12\/cropped-butterfly_plant-1920x1200_xxl-192x192.jpg 192w, https:\/\/www.gillinger.at\/psychotherapie\/wp-content\/uploads\/2016\/12\/cropped-butterfly_plant-1920x1200_xxl-180x180.jpg 180w, https:\/\/www.gillinger.at\/psychotherapie\/wp-content\/uploads\/2016\/12\/cropped-butterfly_plant-1920x1200_xxl-32x32.jpg 32w\" sizes=\"auto, (max-width: 512px) 100vw, 512px\" \/><\/figure><\/div>\n<\/div><\/div>\n\n\n\n<div style=\"height:37px\" aria-hidden=\"true\" class=\"wp-block-spacer\"><\/div>\n\n\n\n<div style=\"height:19px\" aria-hidden=\"true\" class=\"wp-block-spacer\"><\/div>\n\n\n\n<p class=\"has-text-align-center\"><strong><mark style=\"background-color:rgba(0, 0, 0, 0)\" class=\"has-inline-color has-neve-text-color-color\">PSYCHOTHERAPIE UNTERLIEGT EINER VERSCHWIEGENHEITSPFLICHT NACH \u00a7 15 DES PSYCHOTHERAPIEGESETZES. <\/mark><\/strong><\/p>\n\n\n\n<div style=\"height:35px\" aria-hidden=\"true\" class=\"wp-block-spacer\"><\/div>\n\n\n\n<h2 class=\"wp-block-heading\"><\/h2>\n","protected":false},"excerpt":{"rendered":"<p>Ich biete Psychotherapie im Einzelsetting f\u00fcr Erwachsene, insbesondere bei folgenden Themenbereichen: \u2022 Angstsymptomatik\/Soziale \u00c4ngste\u2022 Autismus-Spektrum &amp; Neurodiversit\u00e4t\u2022 Burn-out &amp; berufsbezogene Themen\u2022 Depression\u2022 Dissoziative Symptomatik \u2022 Ersch\u00f6pfung &amp; \u00dcberlastung\u2022 Schlafst\u00f6rungen\u2022 Selbstwert und Identit\u00e4tsthemen\u2022 komplexe Traumafolgen\u2022 Ver\u00e4nderungen &amp; Lebenskrisen Selbsttests f\u00fcr eine erste Einsch\u00e4tzung finden Sie hier. PSYCHOTHERAPIE UNTERLIEGT EINER VERSCHWIEGENHEITSPFLICHT NACH \u00a7 15 DES PSYCHOTHERAPIEGESETZES.<\/p>\n","protected":false},"author":1,"featured_media":0,"parent":0,"menu_order":0,"comment_status":"closed","ping_status":"closed","template":"","meta":{"neve_meta_sidebar":"full-width","neve_meta_container":"default","neve_meta_enable_content_width":"on","neve_meta_content_width":100,"neve_meta_title_alignment":"left","neve_meta_author_avatar":"","neve_post_elements_order":"","neve_meta_disable_header":"off","neve_meta_disable_footer":"","neve_meta_disable_title":"","footnotes":""},"class_list":["post-5311","page","type-page","status-publish","hentry"],"_links":{"self":[{"href":"https:\/\/www.gillinger.at\/psychotherapie\/wp-json\/wp\/v2\/pages\/5311","targetHints":{"allow":["GET"]}}],"collection":[{"href":"https:\/\/www.gillinger.at\/psychotherapie\/wp-json\/wp\/v2\/pages"}],"about":[{"href":"https:\/\/www.gillinger.at\/psychotherapie\/wp-json\/wp\/v2\/types\/page"}],"author":[{"embeddable":true,"href":"https:\/\/www.gillinger.at\/psychotherapie\/wp-json\/wp\/v2\/users\/1"}],"replies":[{"embeddable":true,"href":"https:\/\/www.gillinger.at\/psychotherapie\/wp-json\/wp\/v2\/comments?post=5311"}],"version-history":[{"count":529,"href":"https:\/\/www.gillinger.at\/psychotherapie\/wp-json\/wp\/v2\/pages\/5311\/revisions"}],"predecessor-version":[{"id":11543,"href":"https:\/\/www.gillinger.at\/psychotherapie\/wp-json\/wp\/v2\/pages\/5311\/revisions\/11543"}],"wp:attachment":[{"href":"https:\/\/www.gillinger.at\/psychotherapie\/wp-json\/wp\/v2\/media?parent=5311"}],"curies":[{"name":"wp","href":"https:\/\/api.w.org\/{rel}","templated":true}]}}