{"id":5320,"date":"2020-08-19T19:53:07","date_gmt":"2020-08-19T17:53:07","guid":{"rendered":"https:\/\/www.gillinger.at\/psychotherapie\/?page_id=5320"},"modified":"2022-10-19T11:32:09","modified_gmt":"2022-10-19T09:32:09","slug":"was-ist-integrative-therapie","status":"publish","type":"page","link":"https:\/\/www.gillinger.at\/psychotherapie\/was-ist-integrative-therapie\/","title":{"rendered":"Was ist Integrative Therapie?"},"content":{"rendered":"<p>Die Integrative Therapie versteht sich als methoden\u00fcbergrifende Psychotherapierichtung, die bew\u00e4hrte Konzepte unterschiedlicher Psychotherapieverfahren (Psychoanalyse, Gestalttherapie, Psychodrama, Verhaltensmodifikation usw.) mit Erkenntnissen aus der Gehirnforschung verbindet. Sie ist seit 2006 in \u00d6sterreich als eigenst\u00e4ndige Psychotherapierichtung anerkannt wird mittels klinisch-empirischer Forschung (u.a. an der Donau-Universit\u00e4t Krems) laufend weiterentwickelt.<\/p>\n<p>Basis ist eine achtsame und wertsch\u00e4tzende therapeutische Beziehung. Neben dem therapeutischen Gespr\u00e4ch k\u00f6nnen vielf\u00e4ltige kreative Methoden zum Einsatz kommen, wie beispielsweise die Arbeit mit Tr\u00e4umen, Imagination, Fotos, Schreiben, etc.<\/p>\n<p>Ziel ist es, Heilungs- und Entwicklungsprozesse in Gang zu setzen und auf diese Weise eine Linderung oder Beseitigung von Krankheitssymptomen zu erreichen sowie Gesundheitsverhalten und Pers\u00f6nlichkeitsentwicklung zu f\u00f6rdern.<\/p>\n\n\n<div style=\"height:32px\" aria-hidden=\"true\" class=\"wp-block-spacer\"><\/div>\n\n\n<div class=\"wp-block-image is-style-default\">\n<figure class=\"aligncenter size-large is-resized\"><img loading=\"lazy\" decoding=\"async\" src=\"https:\/\/www.gillinger.at\/psychotherapie\/wp-content\/uploads\/2020\/08\/DSC08407-Kopie-2-1024x535.jpg\" alt=\"\" class=\"wp-image-5507\" width=\"831\" height=\"434\" srcset=\"https:\/\/www.gillinger.at\/psychotherapie\/wp-content\/uploads\/2020\/08\/DSC08407-Kopie-2-1024x535.jpg 1024w, https:\/\/www.gillinger.at\/psychotherapie\/wp-content\/uploads\/2020\/08\/DSC08407-Kopie-2-300x157.jpg 300w, https:\/\/www.gillinger.at\/psychotherapie\/wp-content\/uploads\/2020\/08\/DSC08407-Kopie-2-768x401.jpg 768w, https:\/\/www.gillinger.at\/psychotherapie\/wp-content\/uploads\/2020\/08\/DSC08407-Kopie-2-1536x803.jpg 1536w, https:\/\/www.gillinger.at\/psychotherapie\/wp-content\/uploads\/2020\/08\/DSC08407-Kopie-2-2048x1070.jpg 2048w\" sizes=\"auto, (max-width: 831px) 100vw, 831px\" \/><\/figure>\n<\/div>","protected":false},"excerpt":{"rendered":"<p>Die Integrative Therapie versteht sich als methoden\u00fcbergrifende Psychotherapierichtung, die bew\u00e4hrte Konzepte unterschiedlicher Psychotherapieverfahren (Psychoanalyse, Gestalttherapie, Psychodrama, Verhaltensmodifikation usw.) mit Erkenntnissen aus der Gehirnforschung verbindet. Sie ist seit 2006 in \u00d6sterreich als eigenst\u00e4ndige Psychotherapierichtung anerkannt wird mittels klinisch-empirischer Forschung (u.a. an der Donau-Universit\u00e4t Krems) laufend weiterentwickelt. Basis ist eine achtsame und wertsch\u00e4tzende therapeutische Beziehung. Neben dem&hellip;&nbsp;<a href=\"https:\/\/www.gillinger.at\/psychotherapie\/was-ist-integrative-therapie\/\" class=\"\" rel=\"bookmark\">Weiterlesen &raquo;<span class=\"screen-reader-text\">Was ist Integrative Therapie?<\/span><\/a><\/p>\n","protected":false},"author":1,"featured_media":0,"parent":0,"menu_order":0,"comment_status":"closed","ping_status":"closed","template":"","meta":{"neve_meta_sidebar":"full-width","neve_meta_container":"","neve_meta_enable_content_width":"on","neve_meta_content_width":100,"neve_meta_title_alignment":"","neve_meta_author_avatar":"","neve_post_elements_order":"","neve_meta_disable_header":"","neve_meta_disable_footer":"","neve_meta_disable_title":"","footnotes":""},"class_list":["post-5320","page","type-page","status-publish","hentry"],"_links":{"self":[{"href":"https:\/\/www.gillinger.at\/psychotherapie\/wp-json\/wp\/v2\/pages\/5320","targetHints":{"allow":["GET"]}}],"collection":[{"href":"https:\/\/www.gillinger.at\/psychotherapie\/wp-json\/wp\/v2\/pages"}],"about":[{"href":"https:\/\/www.gillinger.at\/psychotherapie\/wp-json\/wp\/v2\/types\/page"}],"author":[{"embeddable":true,"href":"https:\/\/www.gillinger.at\/psychotherapie\/wp-json\/wp\/v2\/users\/1"}],"replies":[{"embeddable":true,"href":"https:\/\/www.gillinger.at\/psychotherapie\/wp-json\/wp\/v2\/comments?post=5320"}],"version-history":[{"count":40,"href":"https:\/\/www.gillinger.at\/psychotherapie\/wp-json\/wp\/v2\/pages\/5320\/revisions"}],"predecessor-version":[{"id":9245,"href":"https:\/\/www.gillinger.at\/psychotherapie\/wp-json\/wp\/v2\/pages\/5320\/revisions\/9245"}],"wp:attachment":[{"href":"https:\/\/www.gillinger.at\/psychotherapie\/wp-json\/wp\/v2\/media?parent=5320"}],"curies":[{"name":"wp","href":"https:\/\/api.w.org\/{rel}","templated":true}]}}