{"id":6699,"date":"2020-12-28T18:49:06","date_gmt":"2020-12-28T17:49:06","guid":{"rendered":"https:\/\/www.gillinger.at\/psychotherapie\/?page_id=6699"},"modified":"2022-10-19T10:57:05","modified_gmt":"2022-10-19T08:57:05","slug":"frauenspezifische-themen","status":"publish","type":"page","link":"https:\/\/www.gillinger.at\/psychotherapie\/frauenspezifische-themen\/","title":{"rendered":"Frauenspezifische Psychotherapie"},"content":{"rendered":"\n<div style=\"height:21px\" aria-hidden=\"true\" class=\"wp-block-spacer\"><\/div>\n\n\n\n<div class=\"wp-block-media-text alignwide is-stacked-on-mobile is-vertically-aligned-center\" style=\"grid-template-columns:27% auto\"><figure class=\"wp-block-media-text__media\"><img loading=\"lazy\" decoding=\"async\" width=\"673\" height=\"1024\" src=\"https:\/\/www.gillinger.at\/psychotherapie\/wp-content\/uploads\/2021\/02\/DSC08812-4-673x1024.jpg\" alt=\"Psychotherapie f\u00fcr Frauen\" class=\"wp-image-7072 size-full\" srcset=\"https:\/\/www.gillinger.at\/psychotherapie\/wp-content\/uploads\/2021\/02\/DSC08812-4-673x1024.jpg 673w, https:\/\/www.gillinger.at\/psychotherapie\/wp-content\/uploads\/2021\/02\/DSC08812-4-197x300.jpg 197w, https:\/\/www.gillinger.at\/psychotherapie\/wp-content\/uploads\/2021\/02\/DSC08812-4-768x1169.jpg 768w, https:\/\/www.gillinger.at\/psychotherapie\/wp-content\/uploads\/2021\/02\/DSC08812-4-1009x1536.jpg 1009w, https:\/\/www.gillinger.at\/psychotherapie\/wp-content\/uploads\/2021\/02\/DSC08812-4.jpg 1345w\" sizes=\"auto, (max-width: 673px) 100vw, 673px\" \/><\/figure><div class=\"wp-block-media-text__content\">\n<p>In Studien zeigen sich Unterschiede in der Art und im Ausma\u00df von psychischen Symptomen zwischen Frauen und M\u00e4nnern, weshalb sich unterschiedliche Therapieans\u00e4tze f\u00fcr Frauen und M\u00e4nner bew\u00e4hrt haben.&nbsp;<\/p>\n\n\n\n<p>Folgenden Problembereiche erweisen sich als besonders relevant in der Psychotherapie mit Frauen: (sexualisierte) Gewalterfahrungen, gesellschaftliches Rollenbild und Rollenkonflikte, (gesellschaftliches) K\u00f6rperbild und resultierende Essst\u00f6rungen,  Risikoschwangerschaft, ungewollte Kinderlosigkeit, ungewollte Schwangerschaft, Belastungen in der Rolle der Alleinerzieherin etc.<\/p>\n\n\n\n<p>Manche psychischen Erkrankungen betreffen nur Frauen, wie zum Beispiel Depressionen oder Psychosen w\u00e4hrend oder nach der Schwangerschaft,&nbsp;psychische Erkrankungen in der Menopause oder auch die Pr\u00e4menstruelle Dysphorische St\u00f6rung.<\/p>\n<\/div><\/div>\n\n\n\n<p><\/p>\n\n\n\n<div style=\"height:22px\" aria-hidden=\"true\" class=\"wp-block-spacer\"><\/div>\n\n\n\n<p>Die gesellschaftliche Rolle von Frauen hat sich in den letzten Jahrzehnten stark gewandelt. Eine Frau, die um 1900 bei der Geburt des j\u00fcngsten Kindes etwa 40 Jahre alt war, war bei einer durchschnittlichen Lebenserwartung von etwa 58 Jahren praktisch bis zu ihrem Tode mit der F\u00fcrsorge f\u00fcr ein Kind besch\u00e4ftigt. Im 17. bis 18. Jahrhundert erlebten nur 2% der Frauen die Pubert\u00e4t ihres letztgeborenen Kindes.&nbsp;<\/p>\n\n\n\n<p>Heute bleiben einer Frau durchschnittlich nach der F\u00fcrsoge f\u00fcr ihr j\u00fcngstes Kind noch 32 Lebensjahre, was es historisch in dieser Form nie gegeben hat. Diese Ver\u00e4nderungen erkl\u00e4ren auch die Ver\u00e4nderung der Frauen- und Mutterrolle. Vorgegebenen Lebensrollen zerbrechen in ihrer Glaubw\u00fcrdigkeit an den gewonnenen Jahren. Eine Frau wei\u00df heute, dass die F\u00fcrsorge f\u00fcr Kinder keine auf Dauer angelegte Lebensrolle ist. Beziehungen zu Partner und Freund*innen und eine erf\u00fcllende (berufliche) T\u00e4tigkeit sind lebensbestimmender als in fr\u00fcheren Generationen. <\/p>\n","protected":false},"excerpt":{"rendered":"<p>In Studien zeigen sich Unterschiede in der Art und im Ausma\u00df von psychischen Symptomen zwischen Frauen und M\u00e4nnern, weshalb sich unterschiedliche Therapieans\u00e4tze f\u00fcr Frauen und M\u00e4nner bew\u00e4hrt haben.&nbsp; Folgenden Problembereiche erweisen sich als besonders relevant in der Psychotherapie mit Frauen: (sexualisierte) Gewalterfahrungen, gesellschaftliches Rollenbild und Rollenkonflikte, (gesellschaftliches) K\u00f6rperbild und resultierende Essst\u00f6rungen, Risikoschwangerschaft, ungewollte Kinderlosigkeit, ungewollte&hellip;&nbsp;<a href=\"https:\/\/www.gillinger.at\/psychotherapie\/frauenspezifische-themen\/\" class=\"\" rel=\"bookmark\">Weiterlesen &raquo;<span class=\"screen-reader-text\">Frauenspezifische Psychotherapie<\/span><\/a><\/p>\n","protected":false},"author":1,"featured_media":0,"parent":0,"menu_order":0,"comment_status":"closed","ping_status":"closed","template":"","meta":{"neve_meta_sidebar":"default","neve_meta_container":"default","neve_meta_enable_content_width":"off","neve_meta_content_width":82,"neve_meta_title_alignment":"","neve_meta_author_avatar":"","neve_post_elements_order":"","neve_meta_disable_header":"","neve_meta_disable_footer":"","neve_meta_disable_title":"","footnotes":""},"class_list":["post-6699","page","type-page","status-publish","hentry"],"_links":{"self":[{"href":"https:\/\/www.gillinger.at\/psychotherapie\/wp-json\/wp\/v2\/pages\/6699","targetHints":{"allow":["GET"]}}],"collection":[{"href":"https:\/\/www.gillinger.at\/psychotherapie\/wp-json\/wp\/v2\/pages"}],"about":[{"href":"https:\/\/www.gillinger.at\/psychotherapie\/wp-json\/wp\/v2\/types\/page"}],"author":[{"embeddable":true,"href":"https:\/\/www.gillinger.at\/psychotherapie\/wp-json\/wp\/v2\/users\/1"}],"replies":[{"embeddable":true,"href":"https:\/\/www.gillinger.at\/psychotherapie\/wp-json\/wp\/v2\/comments?post=6699"}],"version-history":[{"count":52,"href":"https:\/\/www.gillinger.at\/psychotherapie\/wp-json\/wp\/v2\/pages\/6699\/revisions"}],"predecessor-version":[{"id":9237,"href":"https:\/\/www.gillinger.at\/psychotherapie\/wp-json\/wp\/v2\/pages\/6699\/revisions\/9237"}],"wp:attachment":[{"href":"https:\/\/www.gillinger.at\/psychotherapie\/wp-json\/wp\/v2\/media?parent=6699"}],"curies":[{"name":"wp","href":"https:\/\/api.w.org\/{rel}","templated":true}]}}