{"id":6748,"date":"2021-01-21T13:15:32","date_gmt":"2021-01-21T12:15:32","guid":{"rendered":"https:\/\/www.gillinger.at\/psychotherapie\/?page_id=6748"},"modified":"2025-07-06T19:43:00","modified_gmt":"2025-07-06T17:43:00","slug":"paartherapie-2","status":"publish","type":"page","link":"https:\/\/www.gillinger.at\/psychotherapie\/paartherapie-2\/","title":{"rendered":"Wie kann Paartherapie &amp; Paarberatung unterst\u00fctzen?"},"content":{"rendered":"\n<p><\/p>\n\n\n\n<figure class=\"wp-block-gallery has-nested-images columns-default is-cropped wp-block-gallery-1 is-layout-flex wp-block-gallery-is-layout-flex\"><\/figure>\n\n\n\n<figure class=\"wp-block-image size-full is-resized\"><img loading=\"lazy\" decoding=\"async\" width=\"420\" height=\"279\" src=\"https:\/\/www.gillinger.at\/psychotherapie\/wp-content\/uploads\/2022\/07\/iStock-621379294-Kopie.jpg\" alt=\"Paartherapie\" class=\"wp-image-8677\" style=\"width:534px;height:auto\" srcset=\"https:\/\/www.gillinger.at\/psychotherapie\/wp-content\/uploads\/2022\/07\/iStock-621379294-Kopie.jpg 420w, https:\/\/www.gillinger.at\/psychotherapie\/wp-content\/uploads\/2022\/07\/iStock-621379294-Kopie-300x199.jpg 300w\" sizes=\"auto, (max-width: 420px) 100vw, 420px\" \/><\/figure>\n\n\n\n<div style=\"height:37px\" aria-hidden=\"true\" class=\"wp-block-spacer\"><\/div>\n\n\n\n<p>Paartherapie kann in vielen Situationen hilfreich sein, unterst\u00fctzt u.a. bei Schwierigkeiten in der Kommunikation, Entfremdung, Distanz, h\u00e4ufigem Streit, wenn sich Auseinandersetzungen st\u00e4ndig im Kreis drehen, bei Vertrauensbruch, unterschiedlichen Vorstellungen \u00fcber die Zukunft, Trennungs\u00fcberlegungen, Verarbeitung von Lebensver\u00e4nderungen und im gemeinsamen Umgang mit Belastungen (z.B. finanzielle Sorgen, chronische Erkrankungen, Probleme der Kinder, &#8230;).<\/p>\n\n\n\n<p>Wie wir Beziehungen leben, h\u00e4ngt stark mit fr\u00fchen Bindungserfahrungen zusammen. Diese Erfahrungen pr\u00e4gen unsere Erwartungen an eine Beziehung und unser Beziehungsverhalten. Bei Konflikten gibt es h\u00e4ufig eine Grundthematik, die in einer Therapie herausgearbeitet wird. Durch ein Erkennen von Zusammenh\u00e4ngen, kann sich gegenseitiges Verst\u00e4ndnis entwickeln. Paartherapie kann dabei unterst\u00fctzen, sich selbst und als Paar besser kennenzulernen und in der Verschiedenheit eine Bereicherung wahrzunehmen, wieder mehr Bewegung und Lebendigkeit in die Beziehung zu bringen und neue M\u00f6glichkeiten zu er\u00f6ffnen. Als Paartherapeutin\u00a0unterst\u00fctze ich Sie dabei, Knoten zu l\u00f6sen und neue Wege des Miteinanders zu finden.<\/p>\n\n\n\n<div style=\"height:30px\" aria-hidden=\"true\" class=\"wp-block-spacer\"><\/div>\n","protected":false},"excerpt":{"rendered":"<p>Paartherapie kann in vielen Situationen hilfreich sein, unterst\u00fctzt u.a. bei Schwierigkeiten in der Kommunikation, Entfremdung, Distanz, h\u00e4ufigem Streit, wenn sich Auseinandersetzungen st\u00e4ndig im Kreis drehen, bei Vertrauensbruch, unterschiedlichen Vorstellungen \u00fcber die Zukunft, Trennungs\u00fcberlegungen, Verarbeitung von Lebensver\u00e4nderungen und im gemeinsamen Umgang mit Belastungen (z.B. finanzielle Sorgen, chronische Erkrankungen, Probleme der Kinder, &#8230;). Wie wir Beziehungen leben,&hellip;&nbsp;<a href=\"https:\/\/www.gillinger.at\/psychotherapie\/paartherapie-2\/\" class=\"\" rel=\"bookmark\">Weiterlesen &raquo;<span class=\"screen-reader-text\">Wie kann Paartherapie &amp; Paarberatung unterst\u00fctzen?<\/span><\/a><\/p>\n","protected":false},"author":1,"featured_media":0,"parent":0,"menu_order":0,"comment_status":"closed","ping_status":"closed","template":"","meta":{"neve_meta_sidebar":"full-width","neve_meta_container":"","neve_meta_enable_content_width":"on","neve_meta_content_width":100,"neve_meta_title_alignment":"","neve_meta_author_avatar":"","neve_post_elements_order":"","neve_meta_disable_header":"","neve_meta_disable_footer":"","neve_meta_disable_title":"","footnotes":""},"class_list":["post-6748","page","type-page","status-publish","hentry"],"_links":{"self":[{"href":"https:\/\/www.gillinger.at\/psychotherapie\/wp-json\/wp\/v2\/pages\/6748","targetHints":{"allow":["GET"]}}],"collection":[{"href":"https:\/\/www.gillinger.at\/psychotherapie\/wp-json\/wp\/v2\/pages"}],"about":[{"href":"https:\/\/www.gillinger.at\/psychotherapie\/wp-json\/wp\/v2\/types\/page"}],"author":[{"embeddable":true,"href":"https:\/\/www.gillinger.at\/psychotherapie\/wp-json\/wp\/v2\/users\/1"}],"replies":[{"embeddable":true,"href":"https:\/\/www.gillinger.at\/psychotherapie\/wp-json\/wp\/v2\/comments?post=6748"}],"version-history":[{"count":112,"href":"https:\/\/www.gillinger.at\/psychotherapie\/wp-json\/wp\/v2\/pages\/6748\/revisions"}],"predecessor-version":[{"id":11271,"href":"https:\/\/www.gillinger.at\/psychotherapie\/wp-json\/wp\/v2\/pages\/6748\/revisions\/11271"}],"wp:attachment":[{"href":"https:\/\/www.gillinger.at\/psychotherapie\/wp-json\/wp\/v2\/media?parent=6748"}],"curies":[{"name":"wp","href":"https:\/\/api.w.org\/{rel}","templated":true}]}}