{"id":7303,"date":"2021-02-17T14:42:09","date_gmt":"2021-02-17T13:42:09","guid":{"rendered":"https:\/\/www.gillinger.at\/psychotherapie\/?page_id=7303"},"modified":"2022-10-19T10:46:42","modified_gmt":"2022-10-19T08:46:42","slug":"loesungsfokussierte-beratung-nach-de-shazer-und-berg","status":"publish","type":"page","link":"https:\/\/www.gillinger.at\/psychotherapie\/loesungsfokussierte-beratung-nach-de-shazer-und-berg\/","title":{"rendered":"L\u00f6sungsfokussierte Beratung nach de Shazer und Berg"},"content":{"rendered":"\n<p>Der l\u00f6sungsfokussierte Ansatz in der Beratung wurde von Steve de Shazer und Insoo Kim Berg entwickelt. <\/p>\n\n\n\n<p>Ein Problem zu kennen, wird dabei nicht als notwendige Voraussetzung gesehen, um an einer L\u00f6sung zu arbeiten. Passend ist hier der vielzitierte Ausspruch des systemischen Therapeuten Gunthard Weber: &#8222;Wenn ich wei\u00df, wie ich einen Karren in den Dreck gefahren habe, wei\u00df ich noch lange nicht, wie ich ihn wieder heraus bekomme.&#8220;<\/p>\n\n\n\n<p>Probleme werden in der l\u00f6sungsfokussierten Arbeit als etwas v\u00f6llig Normales betrachtet, das zum Leben einfach dazugeh\u00f6rt. Sie sind die notwendigen Impulse f\u00fcr Wachstum und Entwicklung. In der l\u00f6sungsfokussierten Beratung erfolgt eine Fokussierung auf die Zukunft. Ungew\u00f6hnliche Fragen helfen neue Perspektiven einzunehmen.<\/p>\n","protected":false},"excerpt":{"rendered":"<p>Der l\u00f6sungsfokussierte Ansatz in der Beratung wurde von Steve de Shazer und Insoo Kim Berg entwickelt. Ein Problem zu kennen, wird dabei nicht als notwendige Voraussetzung gesehen, um an einer L\u00f6sung zu arbeiten. Passend ist hier der vielzitierte Ausspruch des systemischen Therapeuten Gunthard Weber: &#8222;Wenn ich wei\u00df, wie ich einen Karren in den Dreck gefahren&hellip;&nbsp;<a href=\"https:\/\/www.gillinger.at\/psychotherapie\/loesungsfokussierte-beratung-nach-de-shazer-und-berg\/\" class=\"\" rel=\"bookmark\">Weiterlesen &raquo;<span class=\"screen-reader-text\">L\u00f6sungsfokussierte Beratung nach de Shazer und Berg<\/span><\/a><\/p>\n","protected":false},"author":1,"featured_media":0,"parent":0,"menu_order":0,"comment_status":"closed","ping_status":"closed","template":"","meta":{"neve_meta_sidebar":"full-width","neve_meta_container":"","neve_meta_enable_content_width":"on","neve_meta_content_width":100,"neve_meta_title_alignment":"","neve_meta_author_avatar":"","neve_post_elements_order":"","neve_meta_disable_header":"","neve_meta_disable_footer":"","neve_meta_disable_title":"","footnotes":""},"class_list":["post-7303","page","type-page","status-publish","hentry"],"_links":{"self":[{"href":"https:\/\/www.gillinger.at\/psychotherapie\/wp-json\/wp\/v2\/pages\/7303","targetHints":{"allow":["GET"]}}],"collection":[{"href":"https:\/\/www.gillinger.at\/psychotherapie\/wp-json\/wp\/v2\/pages"}],"about":[{"href":"https:\/\/www.gillinger.at\/psychotherapie\/wp-json\/wp\/v2\/types\/page"}],"author":[{"embeddable":true,"href":"https:\/\/www.gillinger.at\/psychotherapie\/wp-json\/wp\/v2\/users\/1"}],"replies":[{"embeddable":true,"href":"https:\/\/www.gillinger.at\/psychotherapie\/wp-json\/wp\/v2\/comments?post=7303"}],"version-history":[{"count":2,"href":"https:\/\/www.gillinger.at\/psychotherapie\/wp-json\/wp\/v2\/pages\/7303\/revisions"}],"predecessor-version":[{"id":7305,"href":"https:\/\/www.gillinger.at\/psychotherapie\/wp-json\/wp\/v2\/pages\/7303\/revisions\/7305"}],"wp:attachment":[{"href":"https:\/\/www.gillinger.at\/psychotherapie\/wp-json\/wp\/v2\/media?parent=7303"}],"curies":[{"name":"wp","href":"https:\/\/api.w.org\/{rel}","templated":true}]}}