{"id":947,"date":"2017-10-21T20:30:18","date_gmt":"2017-10-21T18:30:18","guid":{"rendered":"https:\/\/www.gillinger.at\/psychotherapie\/?page_id=947"},"modified":"2022-10-19T11:25:26","modified_gmt":"2022-10-19T09:25:26","slug":"unerfuellter-kinderwunsch-2","status":"publish","type":"page","link":"https:\/\/www.gillinger.at\/psychotherapie\/unerfuellter-kinderwunsch-2\/","title":{"rendered":"Ungewollte Kinderlosigkeit"},"content":{"rendered":"\n<p><\/p>\n\n\n\n<p>Ungewollte Kinderlosigkeit wird von vielen Betroffenen als <strong>schwere emotionale Krise <\/strong>beschrieben. Der unerf\u00fcllte Kinderwunsch und die medizinische Behandlung k\u00f6nnen kurz- und langfristig eine starke psychische Belastung darstellen. Die psychischen Auswirkungen des unerf\u00fcllten Kinderwunsches und der reproduktionsmedizinischen Behandlung sind lange untersch\u00e4tzt worden.<\/p>\n\n\n<div class=\"wp-block-image is-style-default\">\n<figure class=\"alignright size-large is-resized\"><img loading=\"lazy\" decoding=\"async\" src=\"https:\/\/www.gillinger.at\/psychotherapie\/wp-content\/uploads\/2021\/02\/Kinderwunsch-1024x683.jpg\" alt=\"\" class=\"wp-image-7189\" width=\"425\" height=\"284\" srcset=\"https:\/\/www.gillinger.at\/psychotherapie\/wp-content\/uploads\/2021\/02\/Kinderwunsch-1024x683.jpg 1024w, https:\/\/www.gillinger.at\/psychotherapie\/wp-content\/uploads\/2021\/02\/Kinderwunsch-300x200.jpg 300w, https:\/\/www.gillinger.at\/psychotherapie\/wp-content\/uploads\/2021\/02\/Kinderwunsch-768x512.jpg 768w, https:\/\/www.gillinger.at\/psychotherapie\/wp-content\/uploads\/2021\/02\/Kinderwunsch-1536x1024.jpg 1536w, https:\/\/www.gillinger.at\/psychotherapie\/wp-content\/uploads\/2021\/02\/Kinderwunsch-2048x1365.jpg 2048w, https:\/\/www.gillinger.at\/psychotherapie\/wp-content\/uploads\/2021\/02\/Kinderwunsch-930x620.jpg 930w\" sizes=\"auto, (max-width: 425px) 100vw, 425px\" \/><\/figure>\n<\/div>\n\n\n<p>Wenn Sie von ungewollter Kinderlosigkeit betroffen sind, \u00fcberlegen, medizinische Hilfe in Anspruch zu nehmen, sich derzeit in einer Kinderwunschbehandlung befinden, eine Adoption oder Pfelegeelternschaft erw\u00e4gen oder Abschied vom Kinderwunsch nehmen, biete ich psychotherapeutische Begleitung an. <\/p>\n\n\n\n<p>Die prinzipielle Erreichbarkeit der Elternschaft wird den Betroffenen durch andere Menschen tagt\u00e4glich schmerzhaft vor Augen gef\u00fchrt.&nbsp;<strong>Hoffnung und Entt\u00e4uschung<\/strong> folgen im Monatsrhythmus aufeinander. Viele Betroffenen ziehen sich aus Angst vor Unverst\u00e4ndnis und Abwertung zur\u00fcck. <\/p>\n\n\n\n<p>Eine Fertilit\u00e4tsst\u00f6rung ist eine <strong>von der WHO anerkannte Krankheit<\/strong>, wenn sich im Zeitraum eines Jahres, mit regelm\u00e4\u00dfigem ungesch\u00fctzten Geschlechtsverkehr keine Schwangerschaft einstellt. Etwa 80% der Frauen in der reproduktiven Lebensphase, die sich f\u00fcr ein Kind entscheiden, werden innerhalb von 12 Monaten schwanger, 5-10% jedoch bleiben kinderlos.<\/p>\n\n\n\n<p>Zu den h\u00e4ufigsten spezifischen <strong>Ursachen<\/strong> von Kinderlosigkeit z\u00e4hlen besch\u00e4digte Eileiter, pathologische Spermiogrammver\u00e4nderung und immunologische Probleme. Zu den unspezifischen Faktoren geh\u00f6ren der allgemeine Gesundheitszustand (schwere Krankheit f\u00fchrt etwa zu einer Beeinflussung der Follikel- oder Spermienreifung), das Alter, extremer Stress, Nikotinabusus und Untergewicht.&nbsp;W\u00e4hrend beim Mann die Fruchtbarkeit mit dem Alter linear abnimmt, sinkt diese bei Frauen ab dem 35. Lebensjahr innerhalb von 10 Jahren drastisch. <\/p>\n\n\n\n<p>Bei ca. 15% der Paare kann (noch) keine Ursache f\u00fcr die Infertilit\u00e4t gefunden werden, was jedoch nicht bedeutet, dass die Ursache psychischer Natur ist. Eine durchschnittlich erh\u00f6hte <strong>Depressivit\u00e4t und \u00c4ngstlichkeit<\/strong> von Betroffenen ist laut Studienergebnissen eindeutig eine <strong>Folge des unerf\u00fcllten Kinderwunsches <\/strong>und <strong>nicht etwa ihre Ursache<\/strong>.&nbsp;Die ungewollte Kinderlosigkeit wurde von der fr\u00fchen Psychoanalyse als Ausdruck einer unbewussten Abwehr der Frau gedeutet &#8211; eine Annahme, die mittlerweile durch gro\u00df angelegte Studien entkr\u00e4ftet wurde!&nbsp;Auch der h\u00e4ufig gut gemeinte Ratschlag, den Kinderwunsch &#8222;loszulassen&#8220;, damit sich eine Schwangerschaft einstellen kann, ist laut Studienergebnissen nicht zielf\u00fchrend.<\/p>\n\n\n<div class=\"wp-block-image\">\n<figure class=\"alignright is-resized\"><img loading=\"lazy\" decoding=\"async\" src=\"https:\/\/www.gillinger.at\/psychotherapie\/wp-content\/uploads\/2021\/02\/IVF.jpg\" alt=\"\" class=\"wp-image-7160\" width=\"380\" height=\"253\" srcset=\"https:\/\/www.gillinger.at\/psychotherapie\/wp-content\/uploads\/2021\/02\/IVF.jpg 420w, https:\/\/www.gillinger.at\/psychotherapie\/wp-content\/uploads\/2021\/02\/IVF-300x200.jpg 300w\" sizes=\"auto, (max-width: 380px) 100vw, 380px\" \/><\/figure>\n<\/div>\n\n<p>Eine <strong>reproduktionsmedizinische Behandlung (IUI, IVF, ICSI)<\/strong> gilt bei vielen der genannten medizinischen Ursachen als erfolgversprechend.<\/p>\n<p>Jedoch auch eine erfolgreiche Sterilit\u00e4tstherapie wird von den meisten Menschen psychisch als belastend erlebt. Das Angstniveau der betroffenen Frauen ist im Schnitt im dritten Schwangerschaftsdrittel noch deutlich erh\u00f6ht.<\/p>\n<p>Die Mehrzahl der Studien weist darauf hin, dass der unerf\u00fcllte Kinderwunsch h\u00e4ufig eine negative Auswirkung auf die Sexualit\u00e4t der Paare hat.<\/p>\n<p>Neben der Psychotherapie gelten als wichtigste Verarbeitungshilfen die soziale Unterst\u00fctzung (insbesondere durch die\/den PartnerIn), aktive Trauer sowie Information sammeln\/verarbeiten. Sport, systematische Entspannungstechniken, Aktivit\u00e4ten in der Natur etc. k\u00f6nnen ebenfalls hilfreiche Strategien sein.<\/p>\n<p>(Quelle: Gillinger, D., 2016. Bio-psycho-soziale Auswirkungen von Fertilit\u00e4tsst\u00f6rungen&nbsp;<span style=\"font-size: inherit; font-family: Mukta Mahee, var(--nv-fallback-ff); letter-spacing: 0px; background-color: var(--nv-site-bg);\">und ihre Verarbeitung. Donauuniversit\u00e4t Krems.)<\/span><\/p>\n<p><\/p>","protected":false},"excerpt":{"rendered":"<p>Ungewollte Kinderlosigkeit wird von vielen Betroffenen als schwere emotionale Krise beschrieben. Der unerf\u00fcllte Kinderwunsch und die medizinische Behandlung k\u00f6nnen kurz- und langfristig eine starke psychische Belastung darstellen. Die psychischen Auswirkungen des unerf\u00fcllten Kinderwunsches und der reproduktionsmedizinischen Behandlung sind lange untersch\u00e4tzt worden. Wenn Sie von ungewollter Kinderlosigkeit betroffen sind, \u00fcberlegen, medizinische Hilfe in Anspruch zu nehmen,&hellip;&nbsp;<a href=\"https:\/\/www.gillinger.at\/psychotherapie\/unerfuellter-kinderwunsch-2\/\" class=\"\" rel=\"bookmark\">Weiterlesen &raquo;<span class=\"screen-reader-text\">Ungewollte Kinderlosigkeit<\/span><\/a><\/p>\n","protected":false},"author":1,"featured_media":0,"parent":0,"menu_order":0,"comment_status":"closed","ping_status":"closed","template":"","meta":{"neve_meta_sidebar":"","neve_meta_container":"","neve_meta_enable_content_width":"off","neve_meta_content_width":0,"neve_meta_title_alignment":"","neve_meta_author_avatar":"","neve_post_elements_order":"","neve_meta_disable_header":"","neve_meta_disable_footer":"","neve_meta_disable_title":"","footnotes":""},"class_list":["post-947","page","type-page","status-publish","hentry"],"_links":{"self":[{"href":"https:\/\/www.gillinger.at\/psychotherapie\/wp-json\/wp\/v2\/pages\/947","targetHints":{"allow":["GET"]}}],"collection":[{"href":"https:\/\/www.gillinger.at\/psychotherapie\/wp-json\/wp\/v2\/pages"}],"about":[{"href":"https:\/\/www.gillinger.at\/psychotherapie\/wp-json\/wp\/v2\/types\/page"}],"author":[{"embeddable":true,"href":"https:\/\/www.gillinger.at\/psychotherapie\/wp-json\/wp\/v2\/users\/1"}],"replies":[{"embeddable":true,"href":"https:\/\/www.gillinger.at\/psychotherapie\/wp-json\/wp\/v2\/comments?post=947"}],"version-history":[{"count":200,"href":"https:\/\/www.gillinger.at\/psychotherapie\/wp-json\/wp\/v2\/pages\/947\/revisions"}],"predecessor-version":[{"id":9244,"href":"https:\/\/www.gillinger.at\/psychotherapie\/wp-json\/wp\/v2\/pages\/947\/revisions\/9244"}],"wp:attachment":[{"href":"https:\/\/www.gillinger.at\/psychotherapie\/wp-json\/wp\/v2\/media?parent=947"}],"curies":[{"name":"wp","href":"https:\/\/api.w.org\/{rel}","templated":true}]}}